{"id":11,"date":"2015-06-04T14:17:35","date_gmt":"2015-06-04T11:17:35","guid":{"rendered":"http:\/\/psykoterapiapalvelutarukaivola.fi\/?page_id=11"},"modified":"2015-08-31T05:24:39","modified_gmt":"2015-08-31T02:24:39","slug":"yksiloterapia","status":"publish","type":"page","link":"https:\/\/psykoterapiapalvelutarukaivola.fi\/?page_id=11","title":{"rendered":"Yksil\u00f6terapia"},"content":{"rendered":"<div id=\"x-section-1\" class=\"x-section\" style=\"margin: 0px 0px 0px 0px; padding: 0 0 0 0px;  background-color: transparent;\" ><div id=\"\" class=\"x-container max width\" style=\"margin: 0px auto 0px auto; padding: 0px 0px 0px 0px; \" ><div  class=\"x-column x-sm x-1-1\" style=\"padding: 0px 0px 0px 0px; \" ><img decoding=\"async\"  class=\"x-img x-img-none\"  src=\"http:\/\/psykoterapiapalvelutarukaivola.fi\/wp-content\/uploads\/2015\/08\/yksiloterapia.jpg\" ><\/div><\/div><\/div><div id=\"x-section-2\" class=\"x-section\" style=\"margin: 0px 0px 0px 0px; padding: 0px 0px 0px 0px;  background-color: transparent;\" ><div id=\"\" class=\"x-container max width\" style=\"margin: 0px auto 0px auto; padding: 0px 0px 0px 0px; \" ><div  class=\"x-column x-sm x-1-1\" style=\"padding: 20px 20px 20px 20px; margin-top:0px; padding-top:0px;\" ><h2  class=\"h-custom-headline center-text  h2\" style=\"margin-top:0px;\"><span>Yksil\u00f6terapia<\/span><\/h2><\/div><\/div><\/div><div id=\"x-section-3\" class=\"x-section\" style=\"margin: 0px 0px 0px 0px; padding: 0px 0px 0px 0px;  background-color: transparent;\" ><div id=\"\" class=\"x-container max width\" style=\"margin: 0px auto 0px auto; padding: 0px 0px 0px 0px; \" ><div  class=\"x-column x-sm x-1-1\" style=\"padding: 0px 0px 0px 0px; \" ><div  class=\"x-columnize\" >\n<p>Tarjoan lyhytkestoisia (1-20 kertaa) terapeuttisia keskusteluja. Tarve keskustella ulkopuolisen ihmisen kanssa voi synty\u00e4 silloin, kun el\u00e4m\u00e4ss\u00e4 on tapahtunut yll\u00e4tt\u00e4vi\u00e4 ja vaikeita asioita, joista selvi\u00e4miseen tarvitsee toista ihmist\u00e4, kuuntelijaa ja kanssakulkijaa.<\/p>\n<p>T\u00e4llaisia tilanteita voivat olla esim. parisuhdekriisit, menetykset tai sairastuminen. Ulkopuolisen apu voi olla hy\u00f6dyllist\u00e4 my\u00f6s silloin, kun vaikea el\u00e4m\u00e4ntilanne on pitkittynyt ja el\u00e4m\u00e4 tuntuu olevan umpikujassa, esim. puolison p\u00e4ihdeongelma, lapsen vaikeudet, huoli i\u00e4kk\u00e4ist\u00e4 vanhemmista tai ty\u00f6el\u00e4m\u00e4n vaikeudet.<\/p>\n<p>Aina ei osaa itsek\u00e4\u00e4n m\u00e4\u00e4ritell\u00e4 ongelmaa, mutta silti tuntuu, ett\u00e4 el\u00e4m\u00e4lt\u00e4 puuttuu suunta tai on muuten vaan paha olla. Joskus joutuu tekem\u00e4\u00e4n isojakin ratkaisuja ja silloin ulkopuolinen tuki on tarpeen.<\/p>\n<p>Terapeuttiset keskustelut voivat tulla kysymykseen my\u00f6s silloin, kun et halua sitoutua usean vuoden psykoterapiaan, mutta haluat tutkia el\u00e4m\u00e4\u00e4si ja lis\u00e4t\u00e4 itsetuntemustasi.<\/p>\n<p>Terapeuttisten keskustelujen avulla helpotetaan pahan oloa, l\u00f6ydet\u00e4\u00e4n uusia n\u00e4k\u00f6kulmia ja ratkaisuja sek\u00e4 vahvistetaan omia voimavaroja.<\/p>\n<\/div><\/div><\/div><\/div>\n","protected":false},"excerpt":{"rendered":"","protected":false},"author":1,"featured_media":0,"parent":0,"menu_order":0,"comment_status":"closed","ping_status":"closed","template":"template-blank-4.php","meta":{"footnotes":""},"class_list":["post-11","page","type-page","status-publish","hentry","no-post-thumbnail"],"_links":{"self":[{"href":"https:\/\/psykoterapiapalvelutarukaivola.fi\/index.php?rest_route=\/wp\/v2\/pages\/11","targetHints":{"allow":["GET"]}}],"collection":[{"href":"https:\/\/psykoterapiapalvelutarukaivola.fi\/index.php?rest_route=\/wp\/v2\/pages"}],"about":[{"href":"https:\/\/psykoterapiapalvelutarukaivola.fi\/index.php?rest_route=\/wp\/v2\/types\/page"}],"author":[{"embeddable":true,"href":"https:\/\/psykoterapiapalvelutarukaivola.fi\/index.php?rest_route=\/wp\/v2\/users\/1"}],"replies":[{"embeddable":true,"href":"https:\/\/psykoterapiapalvelutarukaivola.fi\/index.php?rest_route=%2Fwp%2Fv2%2Fcomments&post=11"}],"version-history":[{"count":11,"href":"https:\/\/psykoterapiapalvelutarukaivola.fi\/index.php?rest_route=\/wp\/v2\/pages\/11\/revisions"}],"predecessor-version":[{"id":166,"href":"https:\/\/psykoterapiapalvelutarukaivola.fi\/index.php?rest_route=\/wp\/v2\/pages\/11\/revisions\/166"}],"wp:attachment":[{"href":"https:\/\/psykoterapiapalvelutarukaivola.fi\/index.php?rest_route=%2Fwp%2Fv2%2Fmedia&parent=11"}],"curies":[{"name":"wp","href":"https:\/\/api.w.org\/{rel}","templated":true}]}}