{"id":9,"date":"2015-06-04T14:17:21","date_gmt":"2015-06-04T11:17:21","guid":{"rendered":"http:\/\/psykoterapiapalvelutarukaivola.fi\/?page_id=9"},"modified":"2021-03-09T18:51:49","modified_gmt":"2021-03-09T16:51:49","slug":"ryhmapsykoterapia","status":"publish","type":"page","link":"https:\/\/psykoterapiapalvelutarukaivola.fi\/?page_id=9","title":{"rendered":"Ryhm\u00e4psykoterapia"},"content":{"rendered":"<div id=\"cs-content\" class=\"cs-content\"><\/div>\n","protected":false},"excerpt":{"rendered":"<p>Ryhm\u00e4psykoterapiaMink\u00e4laista on ryhm\u00e4analyyttinen ryhm\u00e4psykoterapia?Ryhm\u00e4analyysi on psykoterapiamuoto, jonka alkujuuret sijoittuvat 1940-luvun Englantiin ja S.H.Foulkesiin. Ryhm\u00e4analyysi ei ole yksitt\u00e4inen teoria, vaan siin\u00e4 on vaikutteita mm. psykoanalyysist\u00e4, systeemiteoriasta, sosiologiasta ja antropologiasta. Nykyisin ryhm\u00e4analyysi on keskeisin ryhm\u00e4terapiamuoto monissa Euroopan maissa (esim. Englanti, Norja, Tanska, Italia, Portugali). Psykoterapian lis\u00e4ksi ryhm\u00e4analyysi\u00e4 sovelletaan ty\u00f6nohjauksessa, koulutuksessa ja organisaatioiden kehitt\u00e4misty\u00f6ss\u00e4.Ryhm\u00e4analyysille ominaista on ihmisen sosiaalisen ulottuvuuden korostuminen. Ihminen tulee ihmiseksi &#8230; <\/p>\n<div><a href=\"https:\/\/psykoterapiapalvelutarukaivola.fi\/?page_id=9\" class=\"more-link\">Lue lis&auml;&auml;<\/a><\/div>\n","protected":false},"author":1,"featured_media":0,"parent":0,"menu_order":0,"comment_status":"closed","ping_status":"closed","template":"template-blank-4.php","meta":{"footnotes":""},"class_list":["post-9","page","type-page","status-publish","hentry","no-post-thumbnail"],"_links":{"self":[{"href":"https:\/\/psykoterapiapalvelutarukaivola.fi\/index.php?rest_route=\/wp\/v2\/pages\/9","targetHints":{"allow":["GET"]}}],"collection":[{"href":"https:\/\/psykoterapiapalvelutarukaivola.fi\/index.php?rest_route=\/wp\/v2\/pages"}],"about":[{"href":"https:\/\/psykoterapiapalvelutarukaivola.fi\/index.php?rest_route=\/wp\/v2\/types\/page"}],"author":[{"embeddable":true,"href":"https:\/\/psykoterapiapalvelutarukaivola.fi\/index.php?rest_route=\/wp\/v2\/users\/1"}],"replies":[{"embeddable":true,"href":"https:\/\/psykoterapiapalvelutarukaivola.fi\/index.php?rest_route=%2Fwp%2Fv2%2Fcomments&post=9"}],"version-history":[{"count":55,"href":"https:\/\/psykoterapiapalvelutarukaivola.fi\/index.php?rest_route=\/wp\/v2\/pages\/9\/revisions"}],"predecessor-version":[{"id":269,"href":"https:\/\/psykoterapiapalvelutarukaivola.fi\/index.php?rest_route=\/wp\/v2\/pages\/9\/revisions\/269"}],"wp:attachment":[{"href":"https:\/\/psykoterapiapalvelutarukaivola.fi\/index.php?rest_route=%2Fwp%2Fv2%2Fmedia&parent=9"}],"curies":[{"name":"wp","href":"https:\/\/api.w.org\/{rel}","templated":true}]}}